{"id":56,"date":"2026-02-05T11:11:30","date_gmt":"2026-02-05T11:11:30","guid":{"rendered":"https:\/\/maklerstarter.com\/?page_id=56"},"modified":"2026-02-05T11:49:42","modified_gmt":"2026-02-05T11:49:42","slug":"datenschutz","status":"publish","type":"page","link":"https:\/\/maklerstarter.com\/index.php\/datenschutz\/","title":{"rendered":"Datenschutz"},"content":{"rendered":"<p>[et_pb_section fb_built=&#8220;1&#8243; _builder_version=&#8220;4.27.5&#8243; _module_preset=&#8220;default&#8220; custom_padding=&#8220;128px||128px||true|false&#8220; global_colors_info=&#8220;{}&#8220;][et_pb_row _builder_version=&#8220;4.27.5&#8243; _module_preset=&#8220;default&#8220; width=&#8220;1440px&#8220; max_width=&#8220;60%&#8220; max_width_tablet=&#8220;80%&#8220; max_width_phone=&#8220;80%&#8220; max_width_last_edited=&#8220;on|tablet&#8220; custom_padding=&#8220;0px||0px||true|false&#8220; global_colors_info=&#8220;{}&#8220;][et_pb_column type=&#8220;4_4&#8243; _builder_version=&#8220;4.27.5&#8243; _module_preset=&#8220;default&#8220; global_colors_info=&#8220;{}&#8220;][et_pb_text _builder_version=&#8220;4.27.5&#8243; _module_preset=&#8220;default&#8220; header_font=&#8220;Selecta Bold||||||||&#8220; header_text_align=&#8220;center&#8220; header_text_color=&#8220;#000000&#8243; header_font_size=&#8220;48px&#8220; custom_margin=&#8220;||-1em||false|false&#8220; global_colors_info=&#8220;{}&#8220;]<\/p>\n<h1>Datenschutz<\/h1>\n<p>[\/et_pb_text][et_pb_divider color=&#8220;#000000&#8243; divider_position=&#8220;center&#8220; divider_weight=&#8220;2px&#8220; _builder_version=&#8220;4.27.5&#8243; _module_preset=&#8220;default&#8220; width=&#8220;80%&#8220; module_alignment=&#8220;center&#8220; custom_margin=&#8220;24px||16px||false|false&#8220; global_colors_info=&#8220;{}&#8220;][\/et_pb_divider][et_pb_text _builder_version=&#8220;4.27.5&#8243; _module_preset=&#8220;default&#8220; text_font=&#8220;Selecta Bold||||||||&#8220; text_text_color=&#8220;#000000&#8243; header_font=&#8220;Selecta Bold||||||||&#8220; header_text_align=&#8220;center&#8220; header_text_color=&#8220;#000000&#8243; header_font_size=&#8220;48px&#8220; header_2_font_size=&#8220;22px&#8220; text_orientation=&#8220;center&#8220; custom_margin=&#8220;16px||-1em||false|false&#8220; global_colors_info=&#8220;{}&#8220;]<\/p>\n<h2>maklerstarter.com &amp; maklerstart.com<\/h2>\n<p>[\/et_pb_text][\/et_pb_column][\/et_pb_row][et_pb_row _builder_version=&#8220;4.27.5&#8243; _module_preset=&#8220;default&#8220; width=&#8220;1440px&#8220; max_width=&#8220;60%&#8220; max_width_tablet=&#8220;80%&#8220; max_width_phone=&#8220;80%&#8220; max_width_last_edited=&#8220;on|tablet&#8220; custom_margin=&#8220;64px||64px||false|false&#8220; custom_padding=&#8220;0px||0px||true|false&#8220; global_colors_info=&#8220;{}&#8220;][et_pb_column type=&#8220;4_4&#8243; _builder_version=&#8220;4.27.5&#8243; _module_preset=&#8220;default&#8220; global_colors_info=&#8220;{}&#8220;][et_pb_text _builder_version=&#8220;4.27.5&#8243; _module_preset=&#8220;default&#8220; text_text_color=&#8220;#000000&#8243; text_font_size=&#8220;16px&#8220; custom_margin=&#8220;24px||||false|false&#8220; hover_enabled=&#8220;0&#8243; global_colors_info=&#8220;{}&#8220; sticky_enabled=&#8220;0&#8243;]<\/p>\n<p><strong>1) Einleitung und Kontaktdaten des Verantwortlichen<\/strong><br \/>1.1 Wir freuen uns, dass du unsere Website besuchst und bedanken uns f\u00fcr dein Interesse. Im Folgenden informieren wir dich \u00fcber den Umgang mit deinen personenbezogenen Daten bei der Nutzung unserer Website. Personenbezogene Daten sind hierbei alle Daten, mit denen du pers\u00f6nlich identifiziert werden kannst.<br \/>1.2 Verantwortlicher f\u00fcr die Datenverarbeitung auf dieser Website im Sinne der Datenschutz-Grundverordnung (DSGVO) ist Lukas Zimmermann, B\u00fcchel 4, <span>52062<\/span> Aachen, Deutschland, Tel.: <span>+49 (0)176 22128835<\/span>, E-Mail: <span style=\"color: #000000;\"><a href=\"mailto:info@weitblick.group\" style=\"color: #000000;\">info@weitblick.group<\/a><\/span>. Der f\u00fcr die Verarbeitung von personenbezogenen Daten Verantwortliche ist diejenige nat\u00fcrliche oder juristische Person, die allein oder gemeinsam mit anderen \u00fcber die Zwecke und Mittel der Verarbeitung von personenbezogenen Daten entscheidet.<br \/>1.3 Der Verantwortliche hat einen Datenschutzbeauftragten bestellt, dieser ist wie folgt zu erreichen: &#8222;Lukas Zimmermann&#8220;<\/p>\n<p><strong>2) Datenerfassung beim Besuch unserer Website<\/strong><br \/>2.1 Bei der blo\u00df informatorischen Nutzung unserer Website, also wenn du dich nicht registrierst oder uns anderweitig Informationen \u00fcbermittelst, erheben wir nur solche Daten, die dein Browser an den Seitenserver \u00fcbermittelt (sog. \u201eServer-Logfiles\u201c). Wenn du unsere Website aufrufst, erheben wir die folgenden Daten, die f\u00fcr uns technisch erforderlich sind, um dir die Website anzuzeigen:<br \/>&#8211; Unsere besuchte Website<br \/>&#8211; Datum und Uhrzeit zum Zeitpunkt des Zugriffs<br \/>&#8211; Menge der gesendeten Daten in Byte<br \/>&#8211; Quelle\/Verweis, von welchem du auf die Seite gelangtest<br \/>&#8211; Verwendeter Browser<br \/>&#8211; Verwendetes Betriebssystem<br \/>&#8211; Verwendete IP-Adresse (ggf.: in anonymisierter Form)<br \/>Die Verarbeitung erfolgt gem\u00e4\u00df Art. 6 Abs. 1 lit. f DSGVO auf Basis unseres berechtigten Interesses an der Verbesserung der Stabilit\u00e4t und Funktionalit\u00e4t unserer Website. Eine Weitergabe oder anderweitige Verwendung der Daten findet nicht statt. Wir behalten uns allerdings vor, die Server-Logfiles nachtr\u00e4glich zu \u00fcberpr\u00fcfen, sollten konkrete Anhaltspunkte auf eine rechtswidrige Nutzung hinweisen.<br \/>2.2 Diese Website nutzt aus Sicherheitsgr\u00fcnden und zum Schutz der \u00dcbertragung personenbezogener Daten und anderer vertraulicher Inhalte (z.B. Bestellungen oder Anfragen an uns) eine SSL-bzw. TLS-Verschl\u00fcsselung. Du kannst eine verschl\u00fcsselte Verbindung an der Zeichenfolge \u201ehttps:\/\/\u201c und dem Schloss-Symbol in deiner Browserzeile erkennen.<\/p>\n<p><strong>3) Kontaktaufnahme<\/strong><br \/>Im Rahmen der Kontaktaufnahme mit uns (z.B. per Kontaktformular oder E-Mail) werden \u2013 ausschlie\u00dflich zum Zweck der Bearbeitung und Beantwortung deines Anliegens und nur im daf\u00fcr erforderlichen Umfang \u2013 personenbezogene Daten verarbeitet.<br \/>Rechtsgrundlage f\u00fcr die Verarbeitung dieser Daten ist unser berechtigtes Interesse an der Beantwortung deines Anliegens gem\u00e4\u00df Art. 6 Abs. 1 lit. f DSGVO. Zielt deine Kontaktierung auf einen Vertrag ab, so ist zus\u00e4tzliche Rechtsgrundlage f\u00fcr die Verarbeitung Art. 6 Abs. 1 lit. b DSGVO. Deine Daten werden gel\u00f6scht, wenn sich aus den Umst\u00e4nden entnehmen l\u00e4sst, dass der betroffene Sachverhalt abschlie\u00dfend gekl\u00e4rt ist und sofern keine gesetzlichen Aufbewahrungspflichten entgegenstehen.<\/p>\n<p><strong>4) Datenverarbeitung zur Bestellabwicklung<\/strong><br \/>Soweit f\u00fcr die Vertragsabwicklung zu Liefer- und Zahlungszwecken erforderlich, werden die von uns erhobenen personenbezogenen Daten gem\u00e4\u00df Art. 6 Abs. 1 lit. b DSGVO an das beauftragte Transportunternehmen und das beauftragte Kreditinstitut weitergegeben.<br \/>Sofern wir Dir auf Grundlage eines entsprechenden Vertrages Aktualisierungen f\u00fcr Waren mit digitalen Elementen oder f\u00fcr digitale Produkte schulden, verarbeiten wir die von Dir bei der Bestellung \u00fcbermittelten Kontaktdaten (Name, Anschrift, Mailadresse), um Dich im Rahmen unserer gesetzlichen Informationspflichten gem\u00e4\u00df Art. 6 Abs. 1 lit. c DSGVO auf geeignetem Kommunikationsweg (etwa postalisch oder per Mail) \u00fcber anstehende Aktualisierungen im gesetzlich vorgesehenen Zeitraum pers\u00f6nlich zu informieren. Deine Kontaktdaten werden hierbei streng zweckgebunden f\u00fcr Mitteilungen \u00fcber von uns geschuldete Aktualisierungen verwendet und zu diesem Zweck durch uns nur insoweit verarbeitet, wie dies f\u00fcr die jeweilige Information erforderlich ist.<br \/>Zur Abwicklung Deiner Bestellung arbeiten wir ferner mit dem \/ den nachstehenden Dienstleister(n) zusammen, die uns ganz oder teilweise bei der Durchf\u00fchrung geschlossener Vertr\u00e4ge unterst\u00fctzen. An diese Dienstleister werden nach Ma\u00dfgabe der folgenden Informationen gewisse personenbezogene Daten \u00fcbermittelt.<\/p>\n<p><strong>5) Webanalysedienste<\/strong><br \/>Matomo<br \/>Diese Webseite nutzt einen Webanalysedienst des folgenden Anbieters: InnoCraft Ltd., 150 Willis St, 6011 Wellington, Neuseeland, (\u201eMatomo\u201c).<br \/>Zum Schutz der Seitenbesucher verwendet Matomo eine sog. &#8222;config_id&#8220;, um verschiedene Analysen der Seitennutzung innerhalb eines kurzen Zeitfensters von bis zu 24 Stunden zu erm\u00f6glichen. Die &#8222;config_id&#8220; der Seite ist ein zuf\u00e4llig gesetzter, zeitlich begrenzter Hash einer begrenzten Menge von Einstellungen und Attributen des Besuchers. Die config_id oder der config-Hash ist eine Zeichenkette, die f\u00fcr einen Besucher auf der Grundlage seines Betriebssystems, seines Browsers, seiner Browser-Plugins, seiner IP-Adresse und seiner Browsersprache berechnet wird. Matomo verwendet kein Device Fingerprinting und verwendet f\u00fcr die Erstellung der &#8222;config_id&#8220; eine anonymisierte IP-Adresse des Seitenbesuchers.<br \/>Sofern die so verarbeiteten Informationen personenbezogene Nutzerdaten umfassen, erfolgt die Verarbeitung gem\u00e4\u00df Art. 6 Abs. 1 lit. f DSGVO auf Basis unseres berechtigten Interesses an der statistischen Analyse des Nutzerverhaltens zu Optimierungs- und Marketingzwecken. Um einer Datenverarbeitung deiner Besucherdaten f\u00fcr die Zukunft zu widersprechen, stellen wir dir eine gesonderte Widerspruchsm\u00f6glichkeit auf unserer Website bereit.<br \/>Daten werden an den Anbieter nur dann \u00fcbertragen, wenn der Dienst nicht selbst auf unseren Servern gehostet wird. Im Falle des Selbsthostings unterbleibt eine \u00dcbermittlung von \u00fcber den Dienst erhobenen Daten an den Anbieter.<br \/>Sofern der Dienst nicht selbst auf unseren Servern gehostet wird, haben wir mit dem Anbieter einen Auftragsverarbeitungsvertrag geschlossen, der den Schutz der Daten unserer Seitenbesucher sicherstellt und eine unberechtigte Weitergabe an Dritte untersagt.<br \/>F\u00fcr Daten\u00fcbermittlungen nach Neuseeland gilt in diesem Fall ein Angemessenheitsbeschluss der EU-Kommission, der die Einhaltung europ\u00e4ischer Datenschutzstandards bei internationalen Datentransfers attestiert.<\/p>\n<p><strong>6) Rechte des Betroffenen<\/strong><br \/>6.1 Das geltende Datenschutzrecht gew\u00e4hrt dir gegen\u00fcber uns als Verantwortlichen hinsichtlich der Verarbeitung deiner personenbezogenen Daten die nachstehenden Betroffenenrechte (Auskunfts- und Interventionsrechte), wobei f\u00fcr die jeweiligen Aus\u00fcbungsvoraussetzungen auf die angef\u00fchrte Rechtsgrundlage verwiesen wird:<br \/>&#8211; Auskunftsrecht gem\u00e4\u00df Art. 15 DSGVO;<br \/>&#8211; Recht auf Berichtigung gem\u00e4\u00df Art. 16 DSGVO;<br \/>&#8211; Recht auf L\u00f6schung gem\u00e4\u00df Art. 17 DSGVO;<br \/>&#8211; Recht auf Einschr\u00e4nkung der Verarbeitung gem\u00e4\u00df Art. 18 DSGVO;<br \/>&#8211; Recht auf Unterrichtung gem\u00e4\u00df Art. 19 DSGVO;<br \/>&#8211; Recht auf Daten\u00fcbertragbarkeit gem\u00e4\u00df Art. 20 DSGVO;<br \/>&#8211; Recht auf Widerruf erteilter Einwilligungen gem\u00e4\u00df Art. 7 Abs. 3 DSGVO;<br \/>&#8211; Recht auf Beschwerde gem\u00e4\u00df Art. 77 DSGVO.<br \/>6.2 WIDERSPRUCHSRECHT<br \/>WENN WIR IM RAHMEN EINER INTERESSENABW\u00c4GUNG DEINE PERSONENBEZOGENEN DATEN AUFGRUND UNSERES \u00dcBERWIEGENDEN BERECHTIGTEN INTERESSES VERARBEITEN, HAST DU DAS JEDERZEITIGE RECHT, AUS GR\u00dcNDEN, DIE SICH AUS DEINER BESONDEREN SITUATION ERGEBEN, GEGEN DIESE VERARBEITUNG WIDERSPRUCH MIT WIRKUNG F\u00dcR DIE ZUKUNFT EINZULEGEN.<br \/>MACHST DU VON DEINEM WIDERSPRUCHSRECHT GEBRAUCH, BEENDEN WIR DIE VERARBEITUNG DER BETROFFENEN DATEN. EINE WEITERVERARBEITUNG BLEIBT ABER VORBEHALTEN, WENN WIR ZWINGENDE SCHUTZW\u00dcRDIGE GR\u00dcNDE F\u00dcR DIE VERARBEITUNG NACHWEISEN K\u00d6NNEN, DIE DEINE INTERESSEN, GRUNDRECHTE UND GRUNDFREIHEITEN \u00dcBERWIEGEN, ODER WENN DIE VERARBEITUNG DER GELTENDMACHUNG, AUS\u00dcBUNG ODER VERTEIDIGUNG VON RECHTSANSPR\u00dcCHEN DIENT.<br \/>WERDEN DEINE PERSONENBEZOGENEN DATEN VON UNS VERARBEITET, UM DIREKTWERBUNG ZU BETREIBEN, HAST DU DAS RECHT, JEDERZEIT WIDERSPRUCH GEGEN DIE VERARBEITUNG DIR BETREFFENDER PERSONENBEZOGENER DATEN ZUM ZWECKE DERARTIGER WERBUNG EINZULEGEN. DU KANNST DEN WIDERSPRUCH WIE OBEN BESCHRIEBEN AUS\u00dcBEN.<br \/>MACHST DU VON DEINEM WIDERSPRUCHSRECHT GEBRAUCH, BEENDEN WIR DIE VERARBEITUNG DER BETROFFENEN DATEN ZU DIREKTWERBEZWECKEN.<\/p>\n<p><strong>7) Dauer der Speicherung personenbezogener Daten<\/strong><br \/>Die Dauer der Speicherung von personenbezogenen Daten bemisst sich anhand der jeweiligen Rechtsgrundlage, am Verarbeitungszweck und \u2013 sofern einschl\u00e4gig \u2013 zus\u00e4tzlich anhand der jeweiligen gesetzlichen Aufbewahrungsfrist (z.B. handels- und steuerrechtliche Aufbewahrungsfristen).<br \/>Bei der Verarbeitung von personenbezogenen Daten auf Grundlage einer ausdr\u00fccklichen Einwilligung gem\u00e4\u00df Art. 6 Abs. 1 lit. a DSGVO werden die betroffenen Daten so lange gespeichert, bis du deine Einwilligung widerrufst.<br \/>Existieren gesetzliche Aufbewahrungsfristen f\u00fcr Daten, die im Rahmen rechtsgesch\u00e4ftlicher bzw. rechtsgesch\u00e4fts\u00e4hnlicher Verpflichtungen auf der Grundlage von Art. 6 Abs. 1 lit. b DSGVO verarbeitet werden, werden diese Daten nach Ablauf der Aufbewahrungsfristen routinem\u00e4\u00dfig gel\u00f6scht, sofern sie nicht mehr zur Vertragserf\u00fcllung oder Vertragsanbahnung erforderlich sind und\/oder unsererseits kein berechtigtes Interesse an der Weiterspeicherung fortbesteht.<br \/>Bei der Verarbeitung von personenbezogenen Daten auf Grundlage von Art. 6 Abs. 1 lit. f DSGVO werden diese Daten so lange gespeichert, bis du dein Widerspruchsrecht nach Art. 21 Abs. 1 DSGVO aus\u00fcbst, es sei denn, wir k\u00f6nnen zwingende schutzw\u00fcrdige Gr\u00fcnde f\u00fcr die Verarbeitung nachweisen, die deine Interessen, Rechte und Freiheiten \u00fcberwiegen, oder die Verarbeitung dient der Geltendmachung, Aus\u00fcbung oder Verteidigung von Rechtsanspr\u00fcchen.<br \/>Bei der Verarbeitung von personenbezogenen Daten zum Zwecke der Direktwerbung auf Grundlage von Art. 6 Abs. 1 lit. f DSGVO werden diese Daten so lange gespeichert, bis du dein Widerspruchsrecht nach Art. 21 Abs. 2 DSGVO aus\u00fcbst.<br \/>Sofern sich aus den sonstigen Informationen dieser Erkl\u00e4rung \u00fcber spezifische Verarbeitungssituationen nichts anderes ergibt, werden gespeicherte personenbezogene Daten im \u00dcbrigen dann gel\u00f6scht, wenn sie f\u00fcr die Zwecke, f\u00fcr die sie erhoben oder auf sonstige Weise verarbeitet wurden, nicht mehr notwendig sind.<\/p>\n<p>Copyright-Hinweis: Diese Datenschutzerkl\u00e4rung wurde von den Fachanw\u00e4lten der IT-Recht Kanzlei erstellt und ist urheberrechtlich gesch\u00fctzt (https:\/\/www.it-recht-kanzlei.de)<\/p>\n<p>Stand: 05.02.2026, 12:47:31<\/p>\n<p>&nbsp;<\/p>\n<p>[\/et_pb_text][et_pb_code _builder_version=&#8220;4.27.5&#8243; _module_preset=&#8220;default&#8220; hover_enabled=&#8220;0&#8243; sticky_enabled=&#8220;0&#8243;]<p id=\"matomo_opted_out_intro\" style=\"display:none;\">Opt-out abgeschlossen; Ihre Besuche auf dieser Webseite werden nicht vom Webanalysetool erfasst. Bitte beachten Sie, dass auch der Matomo-Deaktivierungs-Cookie dieser Webseite gel\u00f6scht wird, wenn Sie die in Ihrem Browser abgelegten Cookies entfernen. Au\u00dferdem m\u00fcssen Sie, wenn Sie einen anderen Computer oder einen anderen Webbrowser verwenden, die Deaktivierungsprozedur nochmals absolvieren.<\/p><p id=\"matomo_opted_in_intro\" >Sie haben die M\u00f6glichkeit zu verhindern, dass von Ihnen hier get\u00e4tigte Aktionen analysiert und verkn\u00fcpft werden. Dies wird Ihre Privatsph\u00e4re sch\u00fctzen, aber wird auch den Besitzer daran hindern, aus Ihren Aktionen zu lernen und die Bedienbarkeit f\u00fcr Sie und andere Benutzer zu verbessern.<\/p><form>\n        <input type=\"checkbox\" id=\"matomo_optout_checkbox\" checked=\"checked\"\/>\n        <label for=\"matomo_optout_checkbox\"><strong>\n        <span id=\"matomo_opted_in_label\" >Ihr Besuch dieser Webseite wird aktuell von der Matomo Webanalyse erfasst. Diese Checkbox abw\u00e4hlen f\u00fcr Opt-Out.<\/span>\n\t\t<span id=\"matomo_opted_out_label\" style=\"display:none;\">Ihr Besuch dieser Webseite wird aktuell von der Matomo Webanalyse nicht erfasst. Diese Checkbox aktivieren f\u00fcr Opt-In.<\/span>\n        <\/strong><\/label><\/form><noscript><p><strong style=\"color: #ff0000;\">This opt out feature requires JavaScript.<\/strong><\/p><\/noscript><p id=\"matomo_outout_err_cookies\" style=\"display: none;\"><strong>Die Tracking opt-out Funktion ben\u00f6tigt aktivierte Cookies.<\/strong><\/p>[\/et_pb_code][\/et_pb_column][\/et_pb_row][et_pb_row _builder_version=&#8220;4.27.5&#8243; _module_preset=&#8220;default&#8220; width=&#8220;1440px&#8220; max_width=&#8220;60%&#8220; max_width_tablet=&#8220;80%&#8220; max_width_phone=&#8220;80%&#8220; max_width_last_edited=&#8220;on|tablet&#8220; custom_padding=&#8220;0px||0px||true|false&#8220; global_colors_info=&#8220;{}&#8220;][et_pb_column type=&#8220;4_4&#8243; _builder_version=&#8220;4.27.5&#8243; _module_preset=&#8220;default&#8220; global_colors_info=&#8220;{}&#8220;][et_pb_button button_url=&#8220;@ET-DC@eyJkeW5hbWljIjp0cnVlLCJjb250ZW50IjoicG9zdF9saW5rX3VybF9wYWdlIiwic2V0dGluZ3MiOnsicG9zdF9pZCI6IjEwIn19@&#8220; button_text=&#8220;Zur\u00fcck zur Startseite!&#8220; button_alignment=&#8220;center&#8220; _builder_version=&#8220;4.27.5&#8243; _dynamic_attributes=&#8220;button_url&#8220; _module_preset=&#8220;default&#8220; custom_button=&#8220;on&#8220; button_text_size=&#8220;18px&#8220; button_text_color=&#8220;#FFFFFF&#8220; button_bg_color=&#8220;#C79F36&#8243; button_border_width=&#8220;0px&#8220; button_border_color=&#8220;RGBA(255,255,255,0)&#8220; button_border_radius=&#8220;99px&#8220; button_font=&#8220;Selecta Bold||||||||&#8220; button_use_icon=&#8220;off&#8220; custom_padding=&#8220;8px|48px|8px|48px|true|true&#8220; global_colors_info=&#8220;{}&#8220; button_text_color__hover_enabled=&#8220;on|hover&#8220; button_text_color__hover=&#8220;#000000&#8243; button_bg_color__hover_enabled=&#8220;on|hover&#8220; button_bg_color__hover=&#8220;RGBA(255,255,255,0)&#8220; button_bg_enable_color__hover=&#8220;on&#8220;][\/et_pb_button][et_pb_code _builder_version=&#8220;4.27.5&#8243; _module_preset=&#8220;default&#8220; hover_enabled=&#8220;0&#8243; global_colors_info=&#8220;{}&#8220; sticky_enabled=&#8220;0&#8243; admin_label=&#8220;HTML Code Matomo&#8220;]<\/p>\n<div id=\"matomo-opt-out\"><\/div>\n<p><!-- [et_pb_line_break_holder] --><script src=\"https:\/\/maklerstarter.com\/wp-content\/plugins\/matomo\/app\/index.php?module=CoreAdminHome&#038;action=optOutJS&#038;divId=matomo-opt-out&#038;language=auto&#038;showIntro=1\"><\/script><!-- [et_pb_line_break_holder] -->      [\/et_pb_code][\/et_pb_column][\/et_pb_row][\/et_pb_section]<\/p>\n","protected":false},"excerpt":{"rendered":"<p>Datenschutzmaklerstarter.com &amp; maklerstart.com1) Einleitung und Kontaktdaten des Verantwortlichen1.1 Wir freuen uns, dass du unsere Website besuchst und bedanken uns f\u00fcr dein Interesse. Im Folgenden informieren wir dich \u00fcber den Umgang mit deinen personenbezogenen Daten bei der Nutzung unserer Website. Personenbezogene Daten sind hierbei alle Daten, mit denen du pers\u00f6nlich identifiziert werden kannst.1.2 Verantwortlicher f\u00fcr die [&hellip;]<\/p>\n","protected":false},"author":1,"featured_media":0,"parent":0,"menu_order":0,"comment_status":"closed","ping_status":"closed","template":"","meta":{"_et_pb_use_builder":"on","_et_pb_old_content":"","_et_gb_content_width":"","footnotes":""},"dipi_cpt_category":[],"class_list":["post-56","page","type-page","status-publish","hentry"],"_links":{"self":[{"href":"https:\/\/maklerstarter.com\/index.php\/wp-json\/wp\/v2\/pages\/56","targetHints":{"allow":["GET"]}}],"collection":[{"href":"https:\/\/maklerstarter.com\/index.php\/wp-json\/wp\/v2\/pages"}],"about":[{"href":"https:\/\/maklerstarter.com\/index.php\/wp-json\/wp\/v2\/types\/page"}],"author":[{"embeddable":true,"href":"https:\/\/maklerstarter.com\/index.php\/wp-json\/wp\/v2\/users\/1"}],"replies":[{"embeddable":true,"href":"https:\/\/maklerstarter.com\/index.php\/wp-json\/wp\/v2\/comments?post=56"}],"version-history":[{"count":6,"href":"https:\/\/maklerstarter.com\/index.php\/wp-json\/wp\/v2\/pages\/56\/revisions"}],"predecessor-version":[{"id":64,"href":"https:\/\/maklerstarter.com\/index.php\/wp-json\/wp\/v2\/pages\/56\/revisions\/64"}],"wp:attachment":[{"href":"https:\/\/maklerstarter.com\/index.php\/wp-json\/wp\/v2\/media?parent=56"}],"wp:term":[{"taxonomy":"dipi_cpt_category","embeddable":true,"href":"https:\/\/maklerstarter.com\/index.php\/wp-json\/wp\/v2\/dipi_cpt_category?post=56"}],"curies":[{"name":"wp","href":"https:\/\/api.w.org\/{rel}","templated":true}]}}